{"id":145,"date":"2024-02-13T10:43:06","date_gmt":"2024-02-13T09:43:06","guid":{"rendered":"https:\/\/kulturtage-thalwil.ch\/?page_id=145"},"modified":"2025-04-08T12:03:47","modified_gmt":"2025-04-08T10:03:47","slug":"datenschutz-impressum","status":"publish","type":"page","link":"https:\/\/kulturtage-thalwil.ch\/Kulturtage-Archiv\/2025\/datenschutz-impressum\/","title":{"rendered":"Datenschutz \/ Impressum"},"content":{"rendered":"\n<h1 class=\"wp-block-heading\">Datenschutz \/ Impressum<\/h1>\n\n\n\n<p>Der Schutz Ihrer pers\u00f6nlichen Daten ist uns wichtig. Bei der Speicherung und Verarbeitung Ihrer Benutzerdaten werden deshalb die massgebenden eidgen\u00f6ssischen und kantonalen Datenschutzbestimmungen sowie die europ\u00e4ische Datenschutz-Grundverordnung (DSGVO), soweit anwendbar, eingehalten:<\/p>\n\n\n\n<p>Die Adresse unserer Website ist: https:\/\/kulturtage-thalwil.ch\/.\u00a0<\/p>\n\n\n\n<p>F\u00fcr weitere Ausk\u00fcnfte stehen wir Ihnen gerne zur Verf\u00fcgung:<\/p>\n\n\n\n<p><strong>Gemeinde Thalwil<\/strong><br>Kommunikationsbeauftragte<br>Alte Landstrasse 112, Postfach<br>8800 Thalwil<br><a href=\"mailto: info@thalwil.ch\">info@thalwil.ch<\/a><\/p>\n\n\n\n<p>Welche personenbezogenen Daten wir sammeln und warum wir sie sammeln Wenn Sie auf diese Webseite zugreifen werden automatisch Informationen allgemeiner Natur erfasst. Diese Informationen werden im Server-Logfile erfasst und beinhalten die Art des Webbrowsers, das verwendete Betriebssystem, den Domainnamen Ihres Internet-Service-Providers, Ihre IP-Adresse und \u00e4hnliches.<\/p>\n\n\n\n<p>Dies aus folgendem Grund:<\/p>\n\n\n\n<p>Sicherstellung eines problemlosen Verbindungsaufbaus der Website Sicherstellung einer reibungslosen Nutzung unserer Website Auswertung der Systemsicherheit und -stabilit\u00e4t sowie zu weiteren administrativen Zwecken Ihre Daten werden nicht verwendet, um R\u00fcckschl\u00fcsse auf Ihre Person zu ziehen. Informationen dieser Art werden lediglich statistisch ausgewertet, um unseren Internetauftritt und die dahinterstehende Technik zu optimieren.<\/p>\n\n\n\n<p>Speicherdauer<br>Die Daten werden gel\u00f6scht, sobald diese f\u00fcr den Zweck der Erhebung nicht mehr erforderlich sind. Dies ist f\u00fcr die Daten, die der Bereitstellung der Webseite dienen, grunds\u00e4tzlich der Fall, wenn die jeweilige Sitzung beendet ist.<\/p>\n\n\n\n<p>Eingebettete Inhalte von anderen Websites<br>Beitr\u00e4ge auf dieser Website k\u00f6nnen eingebettete Inhalte beinhalten (z. B. Videos, Bilder, Beitr\u00e4ge etc.). Eingebettete Inhalte von anderen Websites verhalten sich exakt so, als ob der Besucher die andere Website besucht h\u00e4tte.<\/p>\n\n\n\n<p>Diese Websites k\u00f6nnen Daten \u00fcber Sie sammeln, Cookies benutzen, zus\u00e4tzliche Tracking-Dienste von Dritten einbetten und Ihre Interaktion mit diesem eingebetteten Inhalt aufzeichnen, inklusive Ihrer Interaktion mit dem eingebetteten Inhalt, falls Sie ein Konto haben und auf dieser Website angemeldet sind.<\/p>\n\n\n\n<!-- AKTUELL NICHT IN VERWENDUNG <p>Verwendung von Google Analytics<br>Diese Website benutzt Google Analytics, einen Webanalysedienst der Google LLC, 1600 Amphitheatre Parkway, Mountain View, CA 94043 USA (nachfolgend: \u201eGoogle\u201c). Google Analytics verwendet sog. \u201eCookies\u201c, also Textdateien, die auf Ihrem Computer gespeichert werden und die eine Analyse der Benutzung der Webseite durch Sie erm\u00f6glichen. Die durch das Cookie erzeugten Informationen \u00fcber Ihre Benutzung dieser Webseite werden in der Regel an einen Server von Google in den USA \u00fcbertragen und dort gespeichert. Aufgrund der Aktivierung der IP-Anonymisierung auf diesen Webseiten, wird Ihre IP-Adresse von Google jedoch innerhalb von Mitgliedstaaten der Europ\u00e4ischen Union oder in anderen Vertragsstaaten des Abkommens \u00fcber den Europ\u00e4ischen Wirtschaftsraum zuvor gek\u00fcrzt. Nur in Ausnahmef\u00e4llen wird die volle IP-Adresse an einen Server von Google in den USA \u00fcbertragen und dort gek\u00fcrzt. Im Auftrag des Betreibers dieser Website wird Google diese Informationen benutzen, um Ihre Nutzung der Webseite auszuwerten, um Reports \u00fcber die Webseitenaktivit\u00e4ten zusammenzustellen und um weitere mit der Websitenutzung und der Internetnutzung verbundene Dienstleistungen gegen\u00fcber dem Webseitenbetreiber zu erbringen. Die im Rahmen von Google Analytics von Ihrem Browser \u00fcbermittelte IP-Adresse wird nicht mit anderen Daten von Google zusammengef\u00fchrt.<\/p>\n\n\n\n<p>Verwendung von Matomo Analytics<br>Wir verwenden die Open-Source-Software Matomo zur Analyse und statistischen Auswertung der Nutzung der Website. Hierzu werden Cookies eingesetzt. Die dadurch erhaltenen Informationen \u00fcber die Websitenutzung werden ausschlie\u00dflich an unsere Server \u00fcbertragen und in pseudonymen Nutzungsprofilen zusammengefasst. Die Daten verwenden wir zur Auswertung der Nutzung der Website. Eine Weitergabe der erfassten Daten an Dritte erfolgt nicht. Die IP-Adressen werden anonymisiert (IPMasking), sodass eine Zuordnung zu einzelnen Nutzern nicht m\u00f6glich ist. Die Verarbeitung der Daten erfolgt auf Grundlage von Art. 6 Abs. 1 S. 1 lit. a DSGVO. Wir verfolgen damit unser berechtigtes Interesse an der Optimierung unserer Webseite f\u00fcr unsere Au\u00dfendarstellung. Sie k\u00f6nnen Ihre Einwilligung jederzeit widerrufen, indem Sie die Cookies in Ihrem Browser l\u00f6schen oder Ihre Datenschutzeinstellungen \u00e4ndern. Soweit Sie sich beim Dienstleister selbst registriert haben, kennt der Dienstleister Sie auch. Die Bearbeitung Ihrer Personendaten durch den Dienstleister erfolgt dann in Verantwortung des Dienstleisters nach dessen Datenschutzbestimmungen. Uns teilt der Dienstleister lediglich mit, wie unsere jeweilige Website genutzt wird (keine Angaben \u00fcber Sie pers\u00f6nlich).<\/p>\n\n\n\n<p>Die Zwecke der Datenverarbeitung liegen in der Auswertung der Nutzung der Website und in der Zusammenstellung von Reports \u00fcber Aktivit\u00e4ten auf der Website. Auf Grundlage der Nutzung der Website und des Internets sollen dann weitere verbundene Dienstleistungen erbracht werden.<\/p>\n\n\n\n<!-- AKTUELL NICHT IN VERWENDUNG <p>Datenschutzerkl\u00e4rung f\u00fcr die Nutzung von X (ehem. Twitter)<br>Auf unseren Seiten sind Funktionen des Dienstes Twitter eingebunden. Diese Funktionen werden angeboten durch die Twitter Inc., 795 Folsom St., Suite 600, San Francisco, CA 94107, USA. Durch das Benutzen von Twitter und der Funktion \u201eRe-Tweet\u201c werden die von Ihnen besuchten Webseiten mit Ihrem Twitter-Account verkn\u00fcpft und anderen Nutzern bekannt gegeben. Dabei werden u.a. Daten wie IP-Adresse, Browsertyp, aufgerufene Domains, besuchte Seiten, Mobilfunkanbieter, Ger\u00e4te- und Applikations-IDs und Suchbegriffe an Twitter \u00fcbertragen.<br><br>Wir weisen darauf hin, dass wir als Anbieter der Seiten keine Kenntnis vom Inhalt der \u00fcbermittelten Daten sowie deren Nutzung durch Twitter erhalten. Aufgrund laufender Aktualisierung der Datenschutzerkl\u00e4rung von Twitter, weisen wir auf die aktuellste Version unter (http:\/\/twitter.com\/privacy) hin.<br><br>Ihre Datenschutzeinstellungen bei Twitter k\u00f6nnen Sie in den Konto-Einstellungen unter http:\/\/twitter.com\/account\/settings \u00e4ndern. Bei Fragen wenden Sie sich an privacy@twitter.com.\u00a0<\/p>\n\n\n\n<p>Verwendung von Google Maps<br>Auf dieser Webseite nutzen wir das Angebot von Google Maps. Google Maps wird von Google LLC, 1600 Amphitheatre Parkway, Mountain View, CA 94043, USA (nachfolgend \u201eGoogle\u201c) betrieben. Dadurch k\u00f6nnen wir Ihnen interaktive Karten direkt in der Webseite anzeigen und erm\u00f6glichen Ihnen die komfortable Nutzung der Karten-Funktion.<\/p>\n\n\n\n<p>N\u00e4here Informationen \u00fcber die Datenverarbeitung durch Google k\u00f6nnen Sie den Google-Datenschutzhinweisen entnehmen. Dort k\u00f6nnen Sie im Datenschutzcenter auch Ihre pers\u00f6nlichen Datenschutz-Einstellungen ver\u00e4ndern.<\/p>\n\n\n\n<p>Eingebettete YouTube-Videos<br>Auf einigen unserer Webseiten betten wir YouTube-Videos ein. Betreiber der entsprechenden Plugins ist die YouTube, LLC, 901 Cherry Ave., San Bruno, CA 94066, USA (nachfolgend \u201eYouTube\u201c). Wenn Sie eine Seite mit dem YouTube-Plugin besuchen, wird eine Verbindung zu Servern von YouTube hergestellt. Dabei wird YouTube mitgeteilt, welche Seiten Sie besuchen. Wenn Sie in Ihrem YouTube-Account eingeloggt sind, kann YouTube Ihr Surfverhalten Ihnen pers\u00f6nlich zuzuordnen. Dies verhindern Sie, indem Sie sich vorher aus Ihrem YouTube-Account ausloggen.<\/p>\n\n\n\n<p>Wird ein YouTube-Video gestartet, setzt der Anbieter Cookies ein, die Hinweise \u00fcber das Nutzerverhalten sammeln.<\/p>\n\n\n\n<p>Wie lange wir Ihre Daten speichern<br>Wenn Sie einen Kommentar schreiben, wird dieser inklusive Metadaten zeitlich unbegrenzt gespeichert. Auf diese Art k\u00f6nnen wir Folgekommentare automatisch erkennen und freigeben, anstelle sie in einer Moderations-Warteschlange festzuhalten.&nbsp;<\/p>\n\n\n\n<p>F\u00fcr Benutzer, die sich auf unserer Website registrieren, speichern wir zus\u00e4tzlich die pers\u00f6nlichen Informationen, die sie in ihren Benutzerprofilen angeben. Alle Benutzer k\u00f6nnen jederzeit ihre pers\u00f6nlichen Informationen einsehen, ver\u00e4ndern oder l\u00f6schen (der Benutzername kann nicht ver\u00e4ndert werden). Administratoren der Website k\u00f6nnen diese Informationen ebenfalls einsehen und ver\u00e4ndern.&nbsp;<\/p>\n\n\n\n<p>Social Plugins<br>Auf unseren Webseiten werden Socialmedia Plugins eingesetzt. \u00dcber diese Plugins werden unter Umst\u00e4nden Informationen, zu denen auch personenbezogene Daten geh\u00f6ren k\u00f6nnen, an den Dienstebetreiber gesendet und ggf. von diesem genutzt. Wir verhindern die unbewusste und ungewollte Erfassung und \u00dcbertragung von Daten an den Diensteanbieter durch eine 2-Klick-L\u00f6sung. Um ein gew\u00fcnschtes Social Plugin zu aktivieren, muss dieses erst durch Klick auf den entsprechenden Schalter aktiviert werden. Erst durch diese Aktivierung des Plugins wird auch die Erfassung von Informationen und deren \u00dcbertragung an den Diensteanbieter ausgel\u00f6st. Wir erfassen selbst keine personenbezogenen Daten mittels der Social Plugins oder \u00fcber deren Nutzung.&nbsp;<\/p>\n\n\n\n<p>Wir haben keinen Einfluss darauf, welche Daten ein aktiviertes Plugin erfasst und wie diese durch den Anbieter verwendet werden. Derzeit muss davon ausgegangen werden, dass eine direkte Verbindung zu den Diensten des Anbieters ausgebaut wird sowie mindestens die IP-Adresse und ger\u00e4tebezogene Informationen erfasst und genutzt werden. Ebenfalls besteht die M\u00f6glichkeit, dass die Diensteanbieter versuchen, Cookies auf dem verwendeten Rechner zu speichern. Welche konkreten Daten hierbei erfasst und wie diese genutzt werden, entnehmen Sie bitte den Datenschutzhinweisen des jeweiligen Diensteanbieters. Falls Sie zeitgleich bei Facebook angemeldet sind, kann Facebook Sie als Besucher einer bestimmten Seite identifizieren.&nbsp;<\/p>\n\n\n\n<p>Wie wir Ihre Daten sch\u00fctzen SSL-Verschl\u00fcsselung Um die Sicherheit Ihrer Daten bei der \u00dcbertragung zu sch\u00fctzen, verwenden wir dem aktuellen Stand der Technik entsprechende Verschl\u00fcsselungsverfahren (z. B. SSL) \u00fcber HTTPS.&nbsp;<\/p>\n\n\n\n<p>\u00c4nderungen<br>Wir k\u00f6nnen diese Datenschutzerkl\u00e4rung jederzeit ohne Vorank\u00fcndigung anpassen. Es gilt die jeweils aktuelle, auf unserer Website publizierte Fassung.&nbsp;<\/p>\n\n\n\n<p>Fragen an den Datenschutzbeauftragten<br>Wenn Sie Fragen zum Datenschutz haben, schreiben Sie uns bitte eine E-Mail oder wenden Sie sich direkt an die f\u00fcr den Datenschutz zu Beginn der Datenschutzerkl\u00e4rung aufgef\u00fchrten, verantwortlichen Person in unserer Organisation.&nbsp;<\/p>\n\n\n\n<p>Thalwil, 12. Februar 2024<\/p>\n","protected":false},"excerpt":{"rendered":"<p>Datenschutz \/ Impressum Der Schutz Ihrer pers\u00f6nlichen Daten ist uns wichtig. Bei der Speicherung und Verarbeitung Ihrer Benutzerdaten werden deshalb die massgebenden eidgen\u00f6ssischen und kantonalen Datenschutzbestimmungen sowie die europ\u00e4ische Datenschutz-Grundverordnung (DSGVO), soweit anwendbar, eingehalten: Die Adresse unserer Website ist: https:\/\/kulturtage-thalwil.ch\/.\u00a0 F\u00fcr weitere Ausk\u00fcnfte stehen wir Ihnen gerne zur Verf\u00fcgung: Gemeinde ThalwilKommunikationsbeauftragteAlte Landstrasse 112, Postfach8800 Thalwilinfo@thalwil.ch [&hellip;]<\/p>\n","protected":false},"author":2,"featured_media":0,"parent":0,"menu_order":0,"comment_status":"closed","ping_status":"closed","template":"","meta":{"footnotes":""},"class_list":["post-145","page","type-page","status-publish","hentry"],"_links":{"self":[{"href":"https:\/\/kulturtage-thalwil.ch\/Kulturtage-Archiv\/2025\/wp-json\/wp\/v2\/pages\/145","targetHints":{"allow":["GET"]}}],"collection":[{"href":"https:\/\/kulturtage-thalwil.ch\/Kulturtage-Archiv\/2025\/wp-json\/wp\/v2\/pages"}],"about":[{"href":"https:\/\/kulturtage-thalwil.ch\/Kulturtage-Archiv\/2025\/wp-json\/wp\/v2\/types\/page"}],"author":[{"embeddable":true,"href":"https:\/\/kulturtage-thalwil.ch\/Kulturtage-Archiv\/2025\/wp-json\/wp\/v2\/users\/2"}],"replies":[{"embeddable":true,"href":"https:\/\/kulturtage-thalwil.ch\/Kulturtage-Archiv\/2025\/wp-json\/wp\/v2\/comments?post=145"}],"version-history":[{"count":11,"href":"https:\/\/kulturtage-thalwil.ch\/Kulturtage-Archiv\/2025\/wp-json\/wp\/v2\/pages\/145\/revisions"}],"predecessor-version":[{"id":198,"href":"https:\/\/kulturtage-thalwil.ch\/Kulturtage-Archiv\/2025\/wp-json\/wp\/v2\/pages\/145\/revisions\/198"}],"wp:attachment":[{"href":"https:\/\/kulturtage-thalwil.ch\/Kulturtage-Archiv\/2025\/wp-json\/wp\/v2\/media?parent=145"}],"curies":[{"name":"wp","href":"https:\/\/api.w.org\/{rel}","templated":true}]}}